{"id":721,"date":"2025-06-26T10:00:08","date_gmt":"2025-06-26T10:00:08","guid":{"rendered":"https:\/\/datahubconsulting.ai\/services\/"},"modified":"2025-07-07T13:51:05","modified_gmt":"2025-07-07T13:51:05","slug":"servicios","status":"publish","type":"page","link":"https:\/\/datahubconsulting.ai\/es\/servicios\/","title":{"rendered":"Servicios"},"content":{"rendered":"\t\t<div data-elementor-type=\"wp-page\" data-elementor-id=\"721\" class=\"elementor elementor-721 elementor-250\" data-elementor-post-type=\"page\">\n\t\t\t\t\t\t<section class=\"elementor-section elementor-top-section elementor-element elementor-element-a437634 elementor-section-boxed elementor-section-height-default elementor-section-height-default\" data-id=\"a437634\" data-element_type=\"section\" data-e-type=\"section\" data-settings=\"{&quot;background_background&quot;:&quot;classic&quot;}\">\n\t\t\t\t\t\t\t<div class=\"elementor-background-overlay\"><\/div>\n\t\t\t\t\t\t\t<div class=\"elementor-container elementor-column-gap-default\">\n\t\t\t\t\t<div class=\"elementor-column elementor-col-100 elementor-top-column elementor-element elementor-element-3574f80\" data-id=\"3574f80\" data-element_type=\"column\" data-e-type=\"column\">\n\t\t\t<div class=\"elementor-widget-wrap elementor-element-populated\">\n\t\t\t\t\t\t<div class=\"elementor-element elementor-element-21a13d5 elementor-headline--style-highlight elementor-widget elementor-widget-animated-headline\" data-id=\"21a13d5\" data-element_type=\"widget\" data-e-type=\"widget\" data-settings=\"{&quot;highlighted_text&quot;:&quot;Servicios&quot;,&quot;headline_style&quot;:&quot;highlight&quot;,&quot;marker&quot;:&quot;circle&quot;,&quot;loop&quot;:&quot;yes&quot;,&quot;highlight_animation_duration&quot;:1200,&quot;highlight_iteration_delay&quot;:8000}\" data-widget_type=\"animated-headline.default\">\n\t\t\t\t<div class=\"elementor-widget-container\">\n\t\t\t\t\t\t\t<h1 class=\"elementor-headline\">\n\t\t\t\t<span class=\"elementor-headline-dynamic-wrapper elementor-headline-text-wrapper\">\n\t\t\t\t\t<span class=\"elementor-headline-dynamic-text elementor-headline-text-active\">Servicios<\/span>\n\t\t\t\t<\/span>\n\t\t\t\t<\/h1>\n\t\t\t\t\t\t<\/div>\n\t\t\t\t<\/div>\n\t\t\t\t<div class=\"elementor-element elementor-element-1229fef elementor-widget__width-initial elementor-widget elementor-widget-heading\" data-id=\"1229fef\" data-element_type=\"widget\" data-e-type=\"widget\" data-widget_type=\"heading.default\">\n\t\t\t\t<div class=\"elementor-widget-container\">\n\t\t\t\t\t<h2 class=\"elementor-heading-title elementor-size-default\">Libera el poder de tus datos con soluciones de consultor\u00eda a medida<\/h2>\t\t\t\t<\/div>\n\t\t\t\t<\/div>\n\t\t\t\t<div class=\"elementor-element elementor-element-651ae3b elementor-widget__width-initial elementor-widget elementor-widget-text-editor\" data-id=\"651ae3b\" data-element_type=\"widget\" data-e-type=\"widget\" data-widget_type=\"text-editor.default\">\n\t\t\t\t<div class=\"elementor-widget-container\">\n\t\t\t\t\t\t\t\t\t<p>En DataHub Consulting, entendemos que no hay dos viajes de datos iguales. Por eso ofrecemos un conjunto completo de servicios dise\u00f1ados para satisfacer tus necesidades empresariales espec\u00edficas, independientemente de tu sector o nivel de madurez de los datos.<\/p>\t\t\t\t\t\t\t\t<\/div>\n\t\t\t\t<\/div>\n\t\t\t\t\t<\/div>\n\t\t<\/div>\n\t\t\t\t\t<\/div>\n\t\t<\/section>\n\t\t\t\t<section class=\"elementor-section elementor-top-section elementor-element elementor-element-a39a8e0 elementor-section-boxed elementor-section-height-default elementor-section-height-default\" data-id=\"a39a8e0\" data-element_type=\"section\" data-e-type=\"section\" data-settings=\"{&quot;background_background&quot;:&quot;classic&quot;}\">\n\t\t\t\t\t\t<div class=\"elementor-container elementor-column-gap-default\">\n\t\t\t\t\t<div class=\"elementor-column elementor-col-33 elementor-top-column elementor-element elementor-element-84a518e elementor-invisible\" data-id=\"84a518e\" data-element_type=\"column\" data-e-type=\"column\" data-settings=\"{&quot;background_background&quot;:&quot;classic&quot;,&quot;animation&quot;:&quot;fadeIn&quot;,&quot;animation_delay&quot;:500}\">\n\t\t\t<div class=\"elementor-widget-wrap elementor-element-populated\">\n\t\t\t\t\t\t<div class=\"elementor-element elementor-element-f5e3759 elementor-widget elementor-widget-image\" data-id=\"f5e3759\" data-element_type=\"widget\" data-e-type=\"widget\" data-widget_type=\"image.default\">\n\t\t\t\t<div class=\"elementor-widget-container\">\n\t\t\t\t\t\t\t\t\t\t\t\t\t\t\t<img fetchpriority=\"high\" decoding=\"async\" width=\"512\" height=\"512\" src=\"https:\/\/datahubconsulting.ai\/wp-content\/uploads\/2025\/06\/arquitectura-datos-datahubconsulting.webp\" class=\"attachment-full size-full wp-image-630\" alt=\"\" srcset=\"https:\/\/datahubconsulting.ai\/wp-content\/uploads\/2025\/06\/arquitectura-datos-datahubconsulting.webp 512w, https:\/\/datahubconsulting.ai\/wp-content\/uploads\/2025\/06\/arquitectura-datos-datahubconsulting-300x300.webp 300w, https:\/\/datahubconsulting.ai\/wp-content\/uploads\/2025\/06\/arquitectura-datos-datahubconsulting-150x150.webp 150w\" sizes=\"(max-width: 512px) 100vw, 512px\" \/>\t\t\t\t\t\t\t\t\t\t\t\t\t\t\t<\/div>\n\t\t\t\t<\/div>\n\t\t\t\t<div class=\"elementor-element elementor-element-3e06a41 elementor-widget elementor-widget-heading\" data-id=\"3e06a41\" data-element_type=\"widget\" data-e-type=\"widget\" data-widget_type=\"heading.default\">\n\t\t\t\t<div class=\"elementor-widget-container\">\n\t\t\t\t\t<h3 class=\"elementor-heading-title elementor-size-default\">Arquitectura de datos<\/h3>\t\t\t\t<\/div>\n\t\t\t\t<\/div>\n\t\t\t\t<div class=\"elementor-element elementor-element-5df7bda elementor-widget elementor-widget-text-editor\" data-id=\"5df7bda\" data-element_type=\"widget\" data-e-type=\"widget\" data-widget_type=\"text-editor.default\">\n\t\t\t\t<div class=\"elementor-widget-container\">\n\t\t\t\t\t\t\t\t\tConstruimos infraestructuras robustas y escalables para una captura, almacenamiento y procesamiento eficaces de los datos, garantizando que tu empresa est\u00e9 preparada para crecer.\t\t\t\t\t\t\t\t<\/div>\n\t\t\t\t<\/div>\n\t\t\t\t\t<\/div>\n\t\t<\/div>\n\t\t\t\t<div class=\"elementor-column elementor-col-33 elementor-top-column elementor-element elementor-element-aa1d2a4 elementor-invisible\" data-id=\"aa1d2a4\" data-element_type=\"column\" data-e-type=\"column\" data-settings=\"{&quot;background_background&quot;:&quot;classic&quot;,&quot;animation&quot;:&quot;fadeIn&quot;,&quot;animation_delay&quot;:500}\">\n\t\t\t<div class=\"elementor-widget-wrap elementor-element-populated\">\n\t\t\t\t\t\t<div class=\"elementor-element elementor-element-034e096 elementor-widget elementor-widget-image\" data-id=\"034e096\" data-element_type=\"widget\" data-e-type=\"widget\" data-widget_type=\"image.default\">\n\t\t\t\t<div class=\"elementor-widget-container\">\n\t\t\t\t\t\t\t\t\t\t\t\t\t\t\t<img decoding=\"async\" width=\"512\" height=\"512\" src=\"https:\/\/datahubconsulting.ai\/wp-content\/uploads\/2025\/06\/analisis-predictivo-datahubconsulting.webp\" class=\"attachment-full size-full wp-image-633\" alt=\"\" srcset=\"https:\/\/datahubconsulting.ai\/wp-content\/uploads\/2025\/06\/analisis-predictivo-datahubconsulting.webp 512w, https:\/\/datahubconsulting.ai\/wp-content\/uploads\/2025\/06\/analisis-predictivo-datahubconsulting-300x300.webp 300w, https:\/\/datahubconsulting.ai\/wp-content\/uploads\/2025\/06\/analisis-predictivo-datahubconsulting-150x150.webp 150w\" sizes=\"(max-width: 512px) 100vw, 512px\" \/>\t\t\t\t\t\t\t\t\t\t\t\t\t\t\t<\/div>\n\t\t\t\t<\/div>\n\t\t\t\t<div class=\"elementor-element elementor-element-31b66db elementor-widget elementor-widget-heading\" data-id=\"31b66db\" data-element_type=\"widget\" data-e-type=\"widget\" data-widget_type=\"heading.default\">\n\t\t\t\t<div class=\"elementor-widget-container\">\n\t\t\t\t\t<h3 class=\"elementor-heading-title elementor-size-default\">An\u00e1lisis Predictivo<\/h3>\t\t\t\t<\/div>\n\t\t\t\t<\/div>\n\t\t\t\t<div class=\"elementor-element elementor-element-a82e706 elementor-widget elementor-widget-text-editor\" data-id=\"a82e706\" data-element_type=\"widget\" data-e-type=\"widget\" data-widget_type=\"text-editor.default\">\n\t\t\t\t<div class=\"elementor-widget-container\">\n\t\t\t\t\t\t\t\t\tAprovecha el poder del aprendizaje autom\u00e1tico para anticipar tendencias, mitigar riesgos y tomar decisiones proactivas basadas en datos.\t\t\t\t\t\t\t\t<\/div>\n\t\t\t\t<\/div>\n\t\t\t\t\t<\/div>\n\t\t<\/div>\n\t\t\t\t<div class=\"elementor-column elementor-col-33 elementor-top-column elementor-element elementor-element-789c0dc elementor-invisible\" data-id=\"789c0dc\" data-element_type=\"column\" data-e-type=\"column\" data-settings=\"{&quot;background_background&quot;:&quot;classic&quot;,&quot;animation&quot;:&quot;fadeIn&quot;,&quot;animation_delay&quot;:500}\">\n\t\t\t<div class=\"elementor-widget-wrap elementor-element-populated\">\n\t\t\t\t\t\t<div class=\"elementor-element elementor-element-b3670b6 elementor-widget elementor-widget-image\" data-id=\"b3670b6\" data-element_type=\"widget\" data-e-type=\"widget\" data-widget_type=\"image.default\">\n\t\t\t\t<div class=\"elementor-widget-container\">\n\t\t\t\t\t\t\t\t\t\t\t\t\t\t\t<img decoding=\"async\" width=\"512\" height=\"512\" src=\"https:\/\/datahubconsulting.ai\/wp-content\/uploads\/2025\/06\/visualizacion-datos-datahubconsulting.webp\" class=\"attachment-full size-full wp-image-636\" alt=\"\" srcset=\"https:\/\/datahubconsulting.ai\/wp-content\/uploads\/2025\/06\/visualizacion-datos-datahubconsulting.webp 512w, https:\/\/datahubconsulting.ai\/wp-content\/uploads\/2025\/06\/visualizacion-datos-datahubconsulting-300x300.webp 300w, https:\/\/datahubconsulting.ai\/wp-content\/uploads\/2025\/06\/visualizacion-datos-datahubconsulting-150x150.webp 150w\" sizes=\"(max-width: 512px) 100vw, 512px\" \/>\t\t\t\t\t\t\t\t\t\t\t\t\t\t\t<\/div>\n\t\t\t\t<\/div>\n\t\t\t\t<div class=\"elementor-element elementor-element-599f637 elementor-widget elementor-widget-heading\" data-id=\"599f637\" data-element_type=\"widget\" data-e-type=\"widget\" data-widget_type=\"heading.default\">\n\t\t\t\t<div class=\"elementor-widget-container\">\n\t\t\t\t\t<h3 class=\"elementor-heading-title elementor-size-default\">Visualizaci\u00f3n de datos<\/h3>\t\t\t\t<\/div>\n\t\t\t\t<\/div>\n\t\t\t\t<div class=\"elementor-element elementor-element-ccd961d elementor-widget elementor-widget-text-editor\" data-id=\"ccd961d\" data-element_type=\"widget\" data-e-type=\"widget\" data-widget_type=\"text-editor.default\">\n\t\t\t\t<div class=\"elementor-widget-container\">\n\t\t\t\t\t\t\t\t\tAporta claridad a la complejidad. Nuestras soluciones visuales transforman los datos brutos en informaci\u00f3n pr\u00e1ctica mediante cuadros de mando interactivos e informes din\u00e1micos.\t\t\t\t\t\t\t\t<\/div>\n\t\t\t\t<\/div>\n\t\t\t\t\t<\/div>\n\t\t<\/div>\n\t\t\t\t\t<\/div>\n\t\t<\/section>\n\t\t\t\t<section class=\"elementor-section elementor-top-section elementor-element elementor-element-41cf9ab elementor-section-boxed elementor-section-height-default elementor-section-height-default\" data-id=\"41cf9ab\" data-element_type=\"section\" data-e-type=\"section\" data-settings=\"{&quot;background_background&quot;:&quot;gradient&quot;}\">\n\t\t\t\t\t\t<div class=\"elementor-container elementor-column-gap-default\">\n\t\t\t\t\t<div class=\"elementor-column elementor-col-33 elementor-top-column elementor-element elementor-element-6beef2c elementor-invisible\" data-id=\"6beef2c\" data-element_type=\"column\" data-e-type=\"column\" data-settings=\"{&quot;background_background&quot;:&quot;classic&quot;,&quot;animation&quot;:&quot;fadeIn&quot;,&quot;animation_delay&quot;:500}\">\n\t\t\t<div class=\"elementor-widget-wrap elementor-element-populated\">\n\t\t\t\t\t\t<div class=\"elementor-element elementor-element-002c500 elementor-widget elementor-widget-image\" data-id=\"002c500\" data-element_type=\"widget\" data-e-type=\"widget\" data-widget_type=\"image.default\">\n\t\t\t\t<div class=\"elementor-widget-container\">\n\t\t\t\t\t\t\t\t\t\t\t\t\t\t\t<img loading=\"lazy\" decoding=\"async\" width=\"512\" height=\"512\" src=\"https:\/\/datahubconsulting.ai\/wp-content\/uploads\/2025\/06\/consultoria-estrategica-datahubconsulting.webp\" class=\"attachment-full size-full wp-image-639\" alt=\"\" srcset=\"https:\/\/datahubconsulting.ai\/wp-content\/uploads\/2025\/06\/consultoria-estrategica-datahubconsulting.webp 512w, https:\/\/datahubconsulting.ai\/wp-content\/uploads\/2025\/06\/consultoria-estrategica-datahubconsulting-300x300.webp 300w, https:\/\/datahubconsulting.ai\/wp-content\/uploads\/2025\/06\/consultoria-estrategica-datahubconsulting-150x150.webp 150w\" sizes=\"(max-width: 512px) 100vw, 512px\" \/>\t\t\t\t\t\t\t\t\t\t\t\t\t\t\t<\/div>\n\t\t\t\t<\/div>\n\t\t\t\t<div class=\"elementor-element elementor-element-b608753 elementor-widget elementor-widget-heading\" data-id=\"b608753\" data-element_type=\"widget\" data-e-type=\"widget\" data-widget_type=\"heading.default\">\n\t\t\t\t<div class=\"elementor-widget-container\">\n\t\t\t\t\t<h3 class=\"elementor-heading-title elementor-size-default\">Consultor\u00eda estrat\u00e9gica<\/h3>\t\t\t\t<\/div>\n\t\t\t\t<\/div>\n\t\t\t\t<div class=\"elementor-element elementor-element-6db1716 elementor-widget elementor-widget-text-editor\" data-id=\"6db1716\" data-element_type=\"widget\" data-e-type=\"widget\" data-widget_type=\"text-editor.default\">\n\t\t\t\t<div class=\"elementor-widget-container\">\n\t\t\t\t\t\t\t\t\tGuiamos a las organizaciones en la creaci\u00f3n de estrategias de datos a largo plazo, basadas en el valor y alineadas con los objetivos empresariales y las demandas del mercado.\t\t\t\t\t\t\t\t<\/div>\n\t\t\t\t<\/div>\n\t\t\t\t\t<\/div>\n\t\t<\/div>\n\t\t\t\t<div class=\"elementor-column elementor-col-33 elementor-top-column elementor-element elementor-element-e487b07 elementor-invisible\" data-id=\"e487b07\" data-element_type=\"column\" data-e-type=\"column\" data-settings=\"{&quot;background_background&quot;:&quot;classic&quot;,&quot;animation&quot;:&quot;fadeIn&quot;,&quot;animation_delay&quot;:500}\">\n\t\t\t<div class=\"elementor-widget-wrap elementor-element-populated\">\n\t\t\t\t\t\t<div class=\"elementor-element elementor-element-f54c47d elementor-widget elementor-widget-image\" data-id=\"f54c47d\" data-element_type=\"widget\" data-e-type=\"widget\" data-widget_type=\"image.default\">\n\t\t\t\t<div class=\"elementor-widget-container\">\n\t\t\t\t\t\t\t\t\t\t\t\t\t\t\t<img loading=\"lazy\" decoding=\"async\" width=\"512\" height=\"512\" src=\"https:\/\/datahubconsulting.ai\/wp-content\/uploads\/2025\/06\/formacion-capacitacion-datahubconsulting.webp\" class=\"attachment-full size-full wp-image-642\" alt=\"\" srcset=\"https:\/\/datahubconsulting.ai\/wp-content\/uploads\/2025\/06\/formacion-capacitacion-datahubconsulting.webp 512w, https:\/\/datahubconsulting.ai\/wp-content\/uploads\/2025\/06\/formacion-capacitacion-datahubconsulting-300x300.webp 300w, https:\/\/datahubconsulting.ai\/wp-content\/uploads\/2025\/06\/formacion-capacitacion-datahubconsulting-150x150.webp 150w\" sizes=\"(max-width: 512px) 100vw, 512px\" \/>\t\t\t\t\t\t\t\t\t\t\t\t\t\t\t<\/div>\n\t\t\t\t<\/div>\n\t\t\t\t<div class=\"elementor-element elementor-element-115c1d3 elementor-widget elementor-widget-heading\" data-id=\"115c1d3\" data-element_type=\"widget\" data-e-type=\"widget\" data-widget_type=\"heading.default\">\n\t\t\t\t<div class=\"elementor-widget-container\">\n\t\t\t\t\t<h3 class=\"elementor-heading-title elementor-size-default\">Formaci\u00f3n y capacitaci\u00f3n<\/h3>\t\t\t\t<\/div>\n\t\t\t\t<\/div>\n\t\t\t\t<div class=\"elementor-element elementor-element-a1483ca elementor-widget elementor-widget-text-editor\" data-id=\"a1483ca\" data-element_type=\"widget\" data-e-type=\"widget\" data-widget_type=\"text-editor.default\">\n\t\t\t\t<div class=\"elementor-widget-container\">\n\t\t\t\t\t\t\t\t\tCapacita a tu equipo con programas de formaci\u00f3n personalizados centrados en herramientas de datos modernas, pensamiento anal\u00edtico y habilidades t\u00e9cnicas.\t\t\t\t\t\t\t\t<\/div>\n\t\t\t\t<\/div>\n\t\t\t\t\t<\/div>\n\t\t<\/div>\n\t\t\t\t<div class=\"elementor-column elementor-col-33 elementor-top-column elementor-element elementor-element-15e5234 elementor-invisible\" data-id=\"15e5234\" data-element_type=\"column\" data-e-type=\"column\" data-settings=\"{&quot;background_background&quot;:&quot;classic&quot;,&quot;animation&quot;:&quot;fadeIn&quot;,&quot;animation_delay&quot;:500}\">\n\t\t\t<div class=\"elementor-widget-wrap elementor-element-populated\">\n\t\t\t\t\t\t<div class=\"elementor-element elementor-element-07178bc elementor-widget elementor-widget-image\" data-id=\"07178bc\" data-element_type=\"widget\" data-e-type=\"widget\" data-widget_type=\"image.default\">\n\t\t\t\t<div class=\"elementor-widget-container\">\n\t\t\t\t\t\t\t\t\t\t\t\t\t\t\t<img loading=\"lazy\" decoding=\"async\" width=\"512\" height=\"512\" src=\"https:\/\/datahubconsulting.ai\/wp-content\/uploads\/2025\/06\/seguridad-cumplimiento-datahubconsulting.webp\" class=\"attachment-full size-full wp-image-645\" alt=\"\" srcset=\"https:\/\/datahubconsulting.ai\/wp-content\/uploads\/2025\/06\/seguridad-cumplimiento-datahubconsulting.webp 512w, https:\/\/datahubconsulting.ai\/wp-content\/uploads\/2025\/06\/seguridad-cumplimiento-datahubconsulting-300x300.webp 300w, https:\/\/datahubconsulting.ai\/wp-content\/uploads\/2025\/06\/seguridad-cumplimiento-datahubconsulting-150x150.webp 150w\" sizes=\"(max-width: 512px) 100vw, 512px\" \/>\t\t\t\t\t\t\t\t\t\t\t\t\t\t\t<\/div>\n\t\t\t\t<\/div>\n\t\t\t\t<div class=\"elementor-element elementor-element-8464fc6 elementor-widget elementor-widget-heading\" data-id=\"8464fc6\" data-element_type=\"widget\" data-e-type=\"widget\" data-widget_type=\"heading.default\">\n\t\t\t\t<div class=\"elementor-widget-container\">\n\t\t\t\t\t<h3 class=\"elementor-heading-title elementor-size-default\">Seguridad y cumplimiento<\/h3>\t\t\t\t<\/div>\n\t\t\t\t<\/div>\n\t\t\t\t<div class=\"elementor-element elementor-element-5653198 elementor-widget elementor-widget-text-editor\" data-id=\"5653198\" data-element_type=\"widget\" data-e-type=\"widget\" data-widget_type=\"text-editor.default\">\n\t\t\t\t<div class=\"elementor-widget-container\">\n\t\t\t\t\t\t\t\t\tNuestros expertos te ayudan a navegar por el panorama normativo, garantizando que tu estrategia de datos sea segura y cumpla plenamente las leyes aplicables.\t\t\t\t\t\t\t\t<\/div>\n\t\t\t\t<\/div>\n\t\t\t\t\t<\/div>\n\t\t<\/div>\n\t\t\t\t\t<\/div>\n\t\t<\/section>\n\t\t\t\t<section class=\"elementor-section elementor-top-section elementor-element elementor-element-8701858 elementor-section-boxed elementor-section-height-default elementor-section-height-default\" data-id=\"8701858\" data-element_type=\"section\" data-e-type=\"section\" data-settings=\"{&quot;background_background&quot;:&quot;classic&quot;}\">\n\t\t\t\t\t\t<div class=\"elementor-container elementor-column-gap-default\">\n\t\t\t\t\t<div class=\"elementor-column elementor-col-100 elementor-top-column elementor-element elementor-element-f5c0493\" data-id=\"f5c0493\" data-element_type=\"column\" data-e-type=\"column\">\n\t\t\t<div class=\"elementor-widget-wrap elementor-element-populated\">\n\t\t\t\t\t\t<div class=\"elementor-element elementor-element-3672808 elementor-widget elementor-widget-heading\" data-id=\"3672808\" data-element_type=\"widget\" data-e-type=\"widget\" data-widget_type=\"heading.default\">\n\t\t\t\t<div class=\"elementor-widget-container\">\n\t\t\t\t\t<h2 class=\"elementor-heading-title elementor-size-default\">Convertir la complejidad en claridad: del caos de los datos al valor empresarial<\/h2>\t\t\t\t<\/div>\n\t\t\t\t<\/div>\n\t\t\t\t<div class=\"elementor-element elementor-element-ebc1f3b elementor-widget elementor-widget-text-editor\" data-id=\"ebc1f3b\" data-element_type=\"widget\" data-e-type=\"widget\" data-widget_type=\"text-editor.default\">\n\t\t\t\t<div class=\"elementor-widget-container\">\n\t\t\t\t\t\t\t\t\t<p>Incluso con las herramientas adecuadas, los datos pueden resultar abrumadores. Los sistemas aislados, los formatos incoherentes y la falta de una estrategia clara a menudo impiden a las organizaciones extraer un valor real. Ah\u00ed es donde entramos nosotros. En DataHub Consulting estamos especializados en <strong>desentra\u00f1ar la complejidad, transformando<\/strong>los datos fragmentados en inteligencia unificada y procesable.<\/p>\n\n<p>Nuestro enfoque hol\u00edstico no se limita a crear cuadros de mando o ejecutar modelos. Trabajamos estrechamente con tus equipos para <strong>trazar un mapa de todo el ecosistema de datos<\/strong>, identificar ineficiencias y desbloquear oportunidades ocultas. Tanto si est\u00e1s ampliando operaciones como entrando en nuevos mercados, alineamos cada iniciativa de datos con tu visi\u00f3n estrat\u00e9gica.<\/p>\n\n<p>Porque los datos no son s\u00f3lo n\u00fameros. Son decisiones, conocimientos y ventajas competitivas.<\/p>\n\t\t\t\t\t\t\t\t<\/div>\n\t\t\t\t<\/div>\n\t\t\t\t\t<\/div>\n\t\t<\/div>\n\t\t\t\t\t<\/div>\n\t\t<\/section>\n\t\t\t\t<section class=\"elementor-section elementor-top-section elementor-element elementor-element-0b9e287 elementor-section-boxed elementor-section-height-default elementor-section-height-default\" data-id=\"0b9e287\" data-element_type=\"section\" data-e-type=\"section\" data-settings=\"{&quot;background_background&quot;:&quot;classic&quot;}\">\n\t\t\t\t\t\t\t<div class=\"elementor-background-overlay\"><\/div>\n\t\t\t\t\t\t\t<div class=\"elementor-container elementor-column-gap-default\">\n\t\t\t\t\t<div class=\"elementor-column elementor-col-33 elementor-top-column elementor-element elementor-element-e47ed3e elementor-invisible\" data-id=\"e47ed3e\" data-element_type=\"column\" data-e-type=\"column\" data-settings=\"{&quot;background_background&quot;:&quot;classic&quot;,&quot;animation&quot;:&quot;fadeIn&quot;,&quot;animation_delay&quot;:500}\">\n\t\t\t<div class=\"elementor-widget-wrap elementor-element-populated\">\n\t\t\t\t\t\t<div class=\"elementor-element elementor-element-175a1d8 elementor-widget elementor-widget-counter\" data-id=\"175a1d8\" data-element_type=\"widget\" data-e-type=\"widget\" data-widget_type=\"counter.default\">\n\t\t\t\t<div class=\"elementor-widget-container\">\n\t\t\t\t\t\t\t<div class=\"elementor-counter\">\n\t\t\t<div class=\"elementor-counter-title\">de las empresas basadas en datos superan a sus competidores<\/div>\t\t\t<div class=\"elementor-counter-number-wrapper\">\n\t\t\t\t<span class=\"elementor-counter-number-prefix\"><\/span>\n\t\t\t\t<span class=\"elementor-counter-number\" data-duration=\"2000\" data-to-value=\"87\" data-from-value=\"0\" data-delimiter=\",\">0<\/span>\n\t\t\t\t<span class=\"elementor-counter-number-suffix\">%<\/span>\n\t\t\t<\/div>\n\t\t<\/div>\n\t\t\t\t\t\t<\/div>\n\t\t\t\t<\/div>\n\t\t\t\t\t<\/div>\n\t\t<\/div>\n\t\t\t\t<div class=\"elementor-column elementor-col-33 elementor-top-column elementor-element elementor-element-18b6080 elementor-invisible\" data-id=\"18b6080\" data-element_type=\"column\" data-e-type=\"column\" data-settings=\"{&quot;background_background&quot;:&quot;classic&quot;,&quot;animation&quot;:&quot;fadeIn&quot;,&quot;animation_delay&quot;:500}\">\n\t\t\t<div class=\"elementor-widget-wrap elementor-element-populated\">\n\t\t\t\t\t\t<div class=\"elementor-element elementor-element-67b352c elementor-widget elementor-widget-counter\" data-id=\"67b352c\" data-element_type=\"widget\" data-e-type=\"widget\" data-widget_type=\"counter.default\">\n\t\t\t\t<div class=\"elementor-widget-container\">\n\t\t\t\t\t\t\t<div class=\"elementor-counter\">\n\t\t\t<div class=\"elementor-counter-title\">de las transformaciones digitales fracasan sin una estrategia de datos clara<\/div>\t\t\t<div class=\"elementor-counter-number-wrapper\">\n\t\t\t\t<span class=\"elementor-counter-number-prefix\"><\/span>\n\t\t\t\t<span class=\"elementor-counter-number\" data-duration=\"2000\" data-to-value=\"70\" data-from-value=\"0\" data-delimiter=\",\">0<\/span>\n\t\t\t\t<span class=\"elementor-counter-number-suffix\">%<\/span>\n\t\t\t<\/div>\n\t\t<\/div>\n\t\t\t\t\t\t<\/div>\n\t\t\t\t<\/div>\n\t\t\t\t\t<\/div>\n\t\t<\/div>\n\t\t\t\t<div class=\"elementor-column elementor-col-33 elementor-top-column elementor-element elementor-element-4a63f69 elementor-invisible\" data-id=\"4a63f69\" data-element_type=\"column\" data-e-type=\"column\" data-settings=\"{&quot;background_background&quot;:&quot;classic&quot;,&quot;animation&quot;:&quot;fadeIn&quot;,&quot;animation_delay&quot;:500}\">\n\t\t\t<div class=\"elementor-widget-wrap elementor-element-populated\">\n\t\t\t\t\t\t<div class=\"elementor-element elementor-element-9c0b056 elementor-widget elementor-widget-counter\" data-id=\"9c0b056\" data-element_type=\"widget\" data-e-type=\"widget\" data-widget_type=\"counter.default\">\n\t\t\t\t<div class=\"elementor-widget-container\">\n\t\t\t\t\t\t\t<div class=\"elementor-counter\">\n\t\t\t<div class=\"elementor-counter-title\">toma de decisiones m\u00e1s r\u00e1pida en organizaciones con ecosistemas de datos maduros<\/div>\t\t\t<div class=\"elementor-counter-number-wrapper\">\n\t\t\t\t<span class=\"elementor-counter-number-prefix\"><\/span>\n\t\t\t\t<span class=\"elementor-counter-number\" data-duration=\"2000\" data-to-value=\"5\" data-from-value=\"0\" data-delimiter=\",\">0<\/span>\n\t\t\t\t<span class=\"elementor-counter-number-suffix\">x<\/span>\n\t\t\t<\/div>\n\t\t<\/div>\n\t\t\t\t\t\t<\/div>\n\t\t\t\t<\/div>\n\t\t\t\t\t<\/div>\n\t\t<\/div>\n\t\t\t\t\t<\/div>\n\t\t<\/section>\n\t\t\t\t<\/div>\n\t\t","protected":false},"excerpt":{"rendered":"<p>Servicios Libera el poder de tus datos con soluciones de consultor\u00eda a medida En DataHub Consulting, entendemos que no hay dos viajes de datos iguales. Por eso ofrecemos un conjunto completo de servicios dise\u00f1ados para satisfacer tus necesidades empresariales espec\u00edficas, independientemente de tu sector o nivel de madurez de los datos. Arquitectura de datos Construimos [&hellip;]<\/p>\n","protected":false},"author":1,"featured_media":0,"parent":0,"menu_order":0,"comment_status":"closed","ping_status":"closed","template":"","meta":{"footnotes":""},"class_list":["post-721","page","type-page","status-publish","hentry"],"_links":{"self":[{"href":"https:\/\/datahubconsulting.ai\/es\/wp-json\/wp\/v2\/pages\/721","targetHints":{"allow":["GET"]}}],"collection":[{"href":"https:\/\/datahubconsulting.ai\/es\/wp-json\/wp\/v2\/pages"}],"about":[{"href":"https:\/\/datahubconsulting.ai\/es\/wp-json\/wp\/v2\/types\/page"}],"author":[{"embeddable":true,"href":"https:\/\/datahubconsulting.ai\/es\/wp-json\/wp\/v2\/users\/1"}],"replies":[{"embeddable":true,"href":"https:\/\/datahubconsulting.ai\/es\/wp-json\/wp\/v2\/comments?post=721"}],"version-history":[{"count":2,"href":"https:\/\/datahubconsulting.ai\/es\/wp-json\/wp\/v2\/pages\/721\/revisions"}],"predecessor-version":[{"id":723,"href":"https:\/\/datahubconsulting.ai\/es\/wp-json\/wp\/v2\/pages\/721\/revisions\/723"}],"wp:attachment":[{"href":"https:\/\/datahubconsulting.ai\/es\/wp-json\/wp\/v2\/media?parent=721"}],"curies":[{"name":"wp","href":"https:\/\/api.w.org\/{rel}","templated":true}]}}